{"id":8292,"date":"2023-05-30T17:00:48","date_gmt":"2023-05-30T15:00:48","guid":{"rendered":"https:\/\/proprietes-autentik.com\/events\/"},"modified":"2023-09-06T18:59:14","modified_gmt":"2023-09-06T16:59:14","slug":"events","status":"publish","type":"page","link":"https:\/\/proprietes-autentik.com\/en\/events\/","title":{"rendered":"EVENTS"},"content":{"rendered":"\t\t<div data-elementor-type=\"wp-page\" data-elementor-id=\"8292\" class=\"elementor elementor-8292 elementor-4472\">\n\t\t\t\t\t\t<div class=\"elementor-inner\">\n\t\t\t\t<div class=\"elementor-section-wrap\">\n\t\t\t\t\t\t\t\t\t<section class=\"elementor-section elementor-top-section elementor-element elementor-element-88f7a7e elementor-section-boxed elementor-section-height-default elementor-section-height-default\" data-id=\"88f7a7e\" data-element_type=\"section\">\n\t\t\t\t\t\t<div class=\"elementor-container elementor-column-gap-default\">\n\t\t\t\t\t\t\t<div class=\"elementor-row\">\n\t\t\t\t\t<div class=\"elementor-column elementor-col-25 elementor-top-column elementor-element elementor-element-3bac1e1 elementor-invisible\" data-id=\"3bac1e1\" data-element_type=\"column\" data-settings=\"{&quot;animation&quot;:&quot;fadeIn&quot;}\">\n\t\t\t<div class=\"elementor-column-wrap elementor-element-populated\">\n\t\t\t\t\t\t\t<div class=\"elementor-widget-wrap\">\n\t\t\t\t\t\t<div class=\"elementor-element elementor-element-bb48b3d art-color-scheme-main elementor-widget elementor-widget-art-button\" data-id=\"bb48b3d\" data-element_type=\"widget\" data-widget_type=\"art-button.default\">\n\t\t\t\t<div class=\"elementor-widget-container\">\n\t\t\t<div class=\"art-button-widget\"><div class=\"art-button-widget__wrap\"><a class=\"art-button-link\" href=\"#\">Meg\u00e8ve<\/a><\/div><\/div>\t\t<\/div>\n\t\t\t\t<\/div>\n\t\t\t\t\t\t<\/div>\n\t\t\t\t\t<\/div>\n\t\t<\/div>\n\t\t\t\t<div class=\"elementor-column elementor-col-25 elementor-top-column elementor-element elementor-element-7ce00b2\" data-id=\"7ce00b2\" data-element_type=\"column\">\n\t\t\t<div class=\"elementor-column-wrap elementor-element-populated\">\n\t\t\t\t\t\t\t<div class=\"elementor-widget-wrap\">\n\t\t\t\t\t\t<div class=\"elementor-element elementor-element-f679bcc art-color-scheme-main elementor-widget elementor-widget-art-button\" data-id=\"f679bcc\" data-element_type=\"widget\" data-widget_type=\"art-button.default\">\n\t\t\t\t<div class=\"elementor-widget-container\">\n\t\t\t<div class=\"art-button-widget\"><div class=\"art-button-widget__wrap\"><a class=\"art-button-link\" href=\"#\">Combloux<\/a><\/div><\/div>\t\t<\/div>\n\t\t\t\t<\/div>\n\t\t\t\t\t\t<\/div>\n\t\t\t\t\t<\/div>\n\t\t<\/div>\n\t\t\t\t<div class=\"elementor-column elementor-col-25 elementor-top-column elementor-element elementor-element-9c17e91 elementor-invisible\" data-id=\"9c17e91\" data-element_type=\"column\" data-settings=\"{&quot;animation&quot;:&quot;fadeIn&quot;}\">\n\t\t\t<div class=\"elementor-column-wrap elementor-element-populated\">\n\t\t\t\t\t\t\t<div class=\"elementor-widget-wrap\">\n\t\t\t\t\t\t<div class=\"elementor-element elementor-element-397a92b art-color-scheme-main elementor-widget elementor-widget-art-button\" data-id=\"397a92b\" data-element_type=\"widget\" data-widget_type=\"art-button.default\">\n\t\t\t\t<div class=\"elementor-widget-container\">\n\t\t\t<div class=\"art-button-widget\"><div class=\"art-button-widget__wrap\"><a class=\"art-button-link\" href=\"#\">Saint-Gervais<\/a><\/div><\/div>\t\t<\/div>\n\t\t\t\t<\/div>\n\t\t\t\t\t\t<\/div>\n\t\t\t\t\t<\/div>\n\t\t<\/div>\n\t\t\t\t<div class=\"elementor-column elementor-col-25 elementor-top-column elementor-element elementor-element-b6dd7dd\" data-id=\"b6dd7dd\" data-element_type=\"column\">\n\t\t\t<div class=\"elementor-column-wrap elementor-element-populated\">\n\t\t\t\t\t\t\t<div class=\"elementor-widget-wrap\">\n\t\t\t\t\t\t<div class=\"elementor-element elementor-element-75a6074 art-color-scheme-main elementor-widget elementor-widget-art-button\" data-id=\"75a6074\" data-element_type=\"widget\" data-widget_type=\"art-button.default\">\n\t\t\t\t<div class=\"elementor-widget-container\">\n\t\t\t<div class=\"art-button-widget\"><div class=\"art-button-widget__wrap\"><a class=\"art-button-link\" href=\"#\">Praz sur Arly<\/a><\/div><\/div>\t\t<\/div>\n\t\t\t\t<\/div>\n\t\t\t\t\t\t<\/div>\n\t\t\t\t\t<\/div>\n\t\t<\/div>\n\t\t\t\t\t\t\t\t<\/div>\n\t\t\t\t\t<\/div>\n\t\t<\/section>\n\t\t\t\t<section class=\"elementor-section elementor-top-section elementor-element elementor-element-a21ff99 elementor-section-boxed elementor-section-height-default elementor-section-height-default\" data-id=\"a21ff99\" data-element_type=\"section\">\n\t\t\t\t\t\t<div class=\"elementor-container elementor-column-gap-default\">\n\t\t\t\t\t\t\t<div class=\"elementor-row\">\n\t\t\t\t\t<div class=\"elementor-column elementor-col-33 elementor-top-column elementor-element elementor-element-747ae46 elementor-invisible\" data-id=\"747ae46\" data-element_type=\"column\" data-settings=\"{&quot;animation&quot;:&quot;fadeIn&quot;}\">\n\t\t\t<div class=\"elementor-column-wrap elementor-element-populated\">\n\t\t\t\t\t\t\t<div class=\"elementor-widget-wrap\">\n\t\t\t\t\t\t<div class=\"elementor-element elementor-element-f02584b elementor-widget elementor-widget-art-image-box\" data-id=\"f02584b\" data-element_type=\"widget\" data-widget_type=\"art-image-box.default\">\n\t\t\t\t<div class=\"elementor-widget-container\">\n\t\t\t<div class=\"art-image-box\"><div class=\"art-image-box__outer\"><div class=\"art-image-box__inner\"><p class=\"art-image-box__subtitle\">TOUR DE FRANCE<\/p><h4 class=\"art-image-box__title\">16 AU 19 juillet<\/h4><\/div><\/div><a href=\"https:\/\/proprietes-autentik.com\/evenement-1\/\"><\/a><\/div>\t\t<\/div>\n\t\t\t\t<\/div>\n\t\t\t\t<div class=\"elementor-element elementor-element-826bb35 elementor-widget elementor-widget-art-image-box\" data-id=\"826bb35\" data-element_type=\"widget\" data-widget_type=\"art-image-box.default\">\n\t\t\t\t<div class=\"elementor-widget-container\">\n\t\t\t<div class=\"art-image-box\"><div class=\"art-image-box__outer\"><div class=\"art-image-box__inner\"><p class=\"art-image-box__subtitle\">COMING SOON<\/p><h4 class=\"art-image-box__title\">LE MEILLEUR RESTE \u00c0 VENIR<\/h4><\/div><\/div><a href=\"#\"><\/a><\/div>\t\t<\/div>\n\t\t\t\t<\/div>\n\t\t\t\t\t\t<\/div>\n\t\t\t\t\t<\/div>\n\t\t<\/div>\n\t\t\t\t<div class=\"elementor-column elementor-col-33 elementor-top-column elementor-element elementor-element-d32039c elementor-invisible\" data-id=\"d32039c\" data-element_type=\"column\" data-settings=\"{&quot;animation&quot;:&quot;fadeIn&quot;}\">\n\t\t\t<div class=\"elementor-column-wrap elementor-element-populated\">\n\t\t\t\t\t\t\t<div class=\"elementor-widget-wrap\">\n\t\t\t\t\t\t<div class=\"elementor-element elementor-element-7adefbb elementor-widget elementor-widget-art-image-box\" data-id=\"7adefbb\" data-element_type=\"widget\" data-widget_type=\"art-image-box.default\">\n\t\t\t\t<div class=\"elementor-widget-container\">\n\t\t\t<div class=\"art-image-box\"><div class=\"art-image-box__outer\"><div class=\"art-image-box__inner\"><p class=\"art-image-box__subtitle\">F\u00caTE DU LAC<\/p><h4 class=\"art-image-box__title\">05 AO\u00dbT<\/h4><\/div><\/div><a href=\"#\"><\/a><\/div>\t\t<\/div>\n\t\t\t\t<\/div>\n\t\t\t\t<div class=\"elementor-element elementor-element-9ccfa66 elementor-widget elementor-widget-art-image-box\" data-id=\"9ccfa66\" data-element_type=\"widget\" data-widget_type=\"art-image-box.default\">\n\t\t\t\t<div class=\"elementor-widget-container\">\n\t\t\t<div class=\"art-image-box\"><div class=\"art-image-box__outer\"><div class=\"art-image-box__inner\"><p class=\"art-image-box__subtitle\">COMING SOON<\/p><h4 class=\"art-image-box__title\">LE MEILLEUR RESTE \u00c0 VENIR<\/h4><\/div><\/div><a href=\"#\"><\/a><\/div>\t\t<\/div>\n\t\t\t\t<\/div>\n\t\t\t\t\t\t<\/div>\n\t\t\t\t\t<\/div>\n\t\t<\/div>\n\t\t\t\t<div class=\"elementor-column elementor-col-33 elementor-top-column elementor-element elementor-element-d1b53c3\" data-id=\"d1b53c3\" data-element_type=\"column\">\n\t\t\t<div class=\"elementor-column-wrap elementor-element-populated\">\n\t\t\t\t\t\t\t<div class=\"elementor-widget-wrap\">\n\t\t\t\t\t\t<div class=\"elementor-element elementor-element-0ac1309 elementor-widget elementor-widget-art-image-box\" data-id=\"0ac1309\" data-element_type=\"widget\" data-widget_type=\"art-image-box.default\">\n\t\t\t\t<div class=\"elementor-widget-container\">\n\t\t\t<div class=\"art-image-box\"><div class=\"art-image-box__outer\"><div class=\"art-image-box__inner\"><p class=\"art-image-box__subtitle\">COMING SOON<\/p><h4 class=\"art-image-box__title\">LE MEILLEUR RESTE \u00c0 VENIR<\/h4><\/div><\/div><a href=\"#\"><\/a><\/div>\t\t<\/div>\n\t\t\t\t<\/div>\n\t\t\t\t<div class=\"elementor-element elementor-element-0ab272d elementor-widget elementor-widget-art-image-box\" data-id=\"0ab272d\" data-element_type=\"widget\" data-widget_type=\"art-image-box.default\">\n\t\t\t\t<div class=\"elementor-widget-container\">\n\t\t\t<div class=\"art-image-box\"><div class=\"art-image-box__outer\"><div class=\"art-image-box__inner\"><p class=\"art-image-box__subtitle\">COMING SOON<\/p><h4 class=\"art-image-box__title\">LE MEILLEUR RESTE \u00c0 VENIR<\/h4><\/div><\/div><a href=\"#\"><\/a><\/div>\t\t<\/div>\n\t\t\t\t<\/div>\n\t\t\t\t\t\t<\/div>\n\t\t\t\t\t<\/div>\n\t\t<\/div>\n\t\t\t\t\t\t\t\t<\/div>\n\t\t\t\t\t<\/div>\n\t\t<\/section>\n\t\t\t\t\t\t\t\t\t<\/div>\n\t\t\t<\/div>\n\t\t\t\t\t<\/div>\n\t\t","protected":false},"excerpt":{"rendered":"<p>TOUR DE FRANCE 16 AU 19 juillet COMING SOON LE MEILLEUR RESTE \u00c0 VENIR F\u00caTE DU LAC 05 AO\u00dbT COMING SOON LE MEILLEUR RESTE \u00c0 VENIR COMING SOON LE MEILLEUR RESTE \u00c0 VENIR COMING SOON LE MEILLEUR RESTE \u00c0 VENIR<\/p>\n","protected":false},"author":3,"featured_media":7636,"parent":0,"menu_order":0,"comment_status":"closed","ping_status":"closed","template":"","meta":{"inline_featured_image":false,"footnotes":""},"class_list":["post-8292","page","type-page","status-publish","has-post-thumbnail","hentry"],"acf":[],"aioseo_notices":[],"_links":{"self":[{"href":"https:\/\/proprietes-autentik.com\/en\/wp-json\/wp\/v2\/pages\/8292","targetHints":{"allow":["GET"]}}],"collection":[{"href":"https:\/\/proprietes-autentik.com\/en\/wp-json\/wp\/v2\/pages"}],"about":[{"href":"https:\/\/proprietes-autentik.com\/en\/wp-json\/wp\/v2\/types\/page"}],"author":[{"embeddable":true,"href":"https:\/\/proprietes-autentik.com\/en\/wp-json\/wp\/v2\/users\/3"}],"replies":[{"embeddable":true,"href":"https:\/\/proprietes-autentik.com\/en\/wp-json\/wp\/v2\/comments?post=8292"}],"version-history":[{"count":0,"href":"https:\/\/proprietes-autentik.com\/en\/wp-json\/wp\/v2\/pages\/8292\/revisions"}],"wp:featuredmedia":[{"embeddable":true,"href":"https:\/\/proprietes-autentik.com\/en\/wp-json\/wp\/v2\/media\/7636"}],"wp:attachment":[{"href":"https:\/\/proprietes-autentik.com\/en\/wp-json\/wp\/v2\/media?parent=8292"}],"curies":[{"name":"wp","href":"https:\/\/api.w.org\/{rel}","templated":true}]}}