{"id":8283,"date":"2023-07-03T18:50:34","date_gmt":"2023-07-03T16:50:34","guid":{"rendered":"https:\/\/proprietes-autentik.com\/legal-notice\/"},"modified":"2023-09-06T18:51:37","modified_gmt":"2023-09-06T16:51:37","slug":"legal-notice","status":"publish","type":"page","link":"https:\/\/proprietes-autentik.com\/en\/legal-notice\/","title":{"rendered":"Legal Notice"},"content":{"rendered":"\t\t<div data-elementor-type=\"wp-page\" data-elementor-id=\"8283\" class=\"elementor elementor-8283 elementor-6403\">\n\t\t\t\t\t\t<div class=\"elementor-inner\">\n\t\t\t\t<div class=\"elementor-section-wrap\">\n\t\t\t\t\t\t\t\t\t<section class=\"elementor-section elementor-top-section elementor-element elementor-element-7b2cddb1 elementor-section-boxed elementor-section-height-default elementor-section-height-default\" data-id=\"7b2cddb1\" data-element_type=\"section\">\n\t\t\t\t\t\t<div class=\"elementor-container elementor-column-gap-default\">\n\t\t\t\t\t\t\t<div class=\"elementor-row\">\n\t\t\t\t\t<div class=\"elementor-column elementor-col-100 elementor-top-column elementor-element elementor-element-3dbd0d2f\" data-id=\"3dbd0d2f\" data-element_type=\"column\">\n\t\t\t<div class=\"elementor-column-wrap elementor-element-populated\">\n\t\t\t\t\t\t\t<div class=\"elementor-widget-wrap\">\n\t\t\t\t\t\t<div class=\"elementor-element elementor-element-cd843d6 elementor-widget elementor-widget-text-editor\" data-id=\"cd843d6\" data-element_type=\"widget\" data-widget_type=\"text-editor.default\">\n\t\t\t\t<div class=\"elementor-widget-container\">\n\t\t\t\t\t\t\t\t<div class=\"elementor-text-editor elementor-clearfix\">\n\t\t\t\t<div data-id=\"0ad31fc\" data-element_type=\"widget\" data-widget_type=\"text-editor.default\">\n<div>\n<div>\n<section data-id=\"e60a03c\" data-element_type=\"section\" data-settings=\"{\"background_motion_fx_scale_effect\":\"yes\",\"background_motion_fx_scale_direction\":\"in-out\",\"background_motion_fx_scale_range\":{\"unit\":\"%\",\"size\":\"\",\"sizes\":{\"start\":0,\"end\":41}},\"background_motion_fx_scale_speed\":{\"unit\":\"px\",\"size\":4,\"sizes\":[]},\"background_motion_fx_devices\":[\"desktop\",\"tablet\",\"mobile\"]}\">\n<div>\n<div data-id=\"562b995\" data-element_type=\"column\">\n<div>\n<div data-id=\"d2b9ede\" data-element_type=\"widget\" data-widget_type=\"text-editor.default\">\n<div>\n<div>\n<div>\n<div data-id=\"e366c30\" data-element_type=\"widget\" data-widget_type=\"wgl-double-headings.default\">\n<div>\n<div>\n<h3>Legal Notice<\/h3>\n<\/div>\n<\/div>\n<\/div>\n<div data-id=\"0ad31fc\" data-element_type=\"widget\" data-widget_type=\"text-editor.default\">\n<div>\n<div>\n<p>By connecting to this site, you are accessing content protected by law, in particular by the provisions of the French Intellectual Property Code. The publisher authorizes only strictly personal use of the data, information or content you access. The use or reproduction of images, photographs or illustrations on this site is strictly forbidden without the consent of their authors. All offences will be prosecuted.<br \/>By continuing to visit our site you agree to abide by the above restrictions.<\/p>\n<h5 style=\"color: #000000; font-family: var(--art-h5-font-family); font-weight: var(--art-h5-font-weight); font-style: normal; text-transform: none; text-decoration-thickness: initial; text-decoration-style: initial; text-decoration-color: initial; font-size: var(--art-h5-font-size); line-height: var(--art-h5-line-height); letter-spacing: var(--art-h5-letter-spacing);\">professional references<\/h5>\n<div>\n<p>PROPRI\u00c9T\u00c9S AUTENTIK &#8211; 21 Chemin du Vorasset, 74170 SAINT GERVAIS LES BAINS, FRANCE<br \/>EURL PROPRI\u00c9T\u00c9S AUTENTIK, with a share capital of 1000.00 \u20ac -Registered under N\u00ba 922 896 204 00018 at the R.C.S. Annecy &#8211; Intracommunity VAT N\u00ba: FR67922896204 &#8211; NAF Code 6820B<\/p>\n<p>Administration and management of rental properties on behalf of third parties, rent collection, private concierge services.<\/p>\n<p>Carte professionnelle de gestion ; CPI 74012023000000005 (Issued by the CCI of Haute-Savoie)<\/p>\n<p>Real estate agency member of the GALIAN financial guarantee fund, in the amount of \u20ac120,000.00.<br \/>Professional liability insurance with GALIAN, under POLICE No. 120 137 405<\/p>\n<p>GALIAN : Soci\u00e9t\u00e9 Anonyme d&#8217;Assurance au capital de 103 125 910 euros &#8211; RCS Paris 423 703 032 &#8211; Entreprise r\u00e9gie par le Code des Assurances &#8211; Sous le contr\u00f4le de l&#8217;Autorit\u00e9 de Contr\u00f4le Prudentiel et de R\u00e9solution (4 place de Budapest, CS 92459, 75436 Cedex 09)<br \/>Postal address: GALIAN &#8211; TSA 20035 &#8211; 75801 Paris CEDEX 08<\/p>\n<\/div>\n<h5>The site was created by Hyperion Studio &#8211; Agence de communication<\/h5>\n<p>Head office: 119 clos des Perce Neige &#8211; 74700 Sallanches<\/p>\n<p>N\u00b0 d&#8217;identification: 912146354 RCS ANNECY &#8211; SARL Hyperion Studio au capital de 1000\u20ac.<\/p>\n<p>Intracommunity VAT number: FR10912146354<\/p>\n<p>E-mail: <a href=\"mailto:contact@hyperion-studio.fr\">contact@hyperion-studio.fr<\/a><\/p>\n<p>On behalf of SARL Propri\u00e9t\u00e9s Autentik<\/p>\n<p>Legal representative, responsible for publication: Lucas Dalla Nora<\/p>\n<p>Photo credits: Dalid\u00e9o Photographie &#8211; Depositphotos<\/p>\n<p>Access to and use of this site is provided by Autentik Properties and is subject to the terms of use below.<\/p>\n<h5>Intellectual property<\/h5>\n<p>This website and all its contents, including text, still and animated images, databases, programs, etc., are protected by copyright.<\/p>\n<h5>Forbidden use<\/h5>\n<p>All content published on the https:\/\/proprietes-autentik.com\/ website is the exclusive property of SARL Propri\u00e9t\u00e9s Autentik or third parties from whom it has obtained the rights of use. Consequently, any representation or reproduction, in whole or in part, made without the consent of the author or his successors in title, is unlawful (art. L 122-4 of the CPI). All uses as described below require prior written authorization. &#8211; extraction, manipulation, modification of content in any way whatsoever &#8211; distribution, broadcasting, exhibition, public representation of content &#8211; storage of content on any medium whatsoever, including extraction from databases, computer programs or the site &#8211; rental or lending of content &#8211; exploitation or commercial publication of content in any way whatsoever.<\/p>\n<h5>Moral rights<\/h5>\n<p>In accordance with the French Intellectual Property Code, all authors have the right to respect for their name and the integrity of their work. Thus, any use of content protected as a work by the intellectual property code must be made without modification and include the name of its author and of the assignee of the rights where applicable.<\/p>\n<h5>Links to other sites<\/h5>\n<p>From this site, you may be able to access third-party sites via hypertext links. These third-party sites are not under our control and we are not responsible for the availability of these sites or their content. The provision of links is made for your information and does not imply any responsibility on the part of Propri\u00e9t\u00e9s Autentik. We cannot be held responsible for any loss or damage that may result from the use of these third-party sites or for any contracts resulting from the use of these third-party sites. Your transactions with any third party supplier are solely between you and the third party supplier and are subject to the terms and conditions applicable to such transactions.<\/p>\n<h5>Information Technology and Civil Liberties<\/h5>\n<p>The information that may be collected on this site is used exclusively to process your requests. You have the right to access, rectify and delete any data concerning you (French Data Protection Act N\u00b078-17 of January 6, 1978).<\/p>\n<h5>Information processing<\/h5>\n<p>Despite the care taken in processing the information, Propri\u00e9t\u00e9s Autentik accepts no responsibility for any errors or omissions in the information published on this site. Propri\u00e9t\u00e9s Autentik cannot be held responsible for the interpretation of the information contained in this site, nor for the consequences of its use. No guarantee is given that this site will be available without interruption and no liability can be accepted for any loss or damage arising from the unavailability of the site.<\/p>\n<h5>Hosting<\/h5>\n<p>The Site is hosted by: OVH<\/p>\n<p>Address: 2, rue Kellermann BP 80157 59053 ROUBAIX Cedex 1<br \/>Email: <a href=\"mailto:support@ovh.com\" data-slimstat=\"5\">support@ovh.com<\/a><br \/>Tel. : +33 (0)8 203 203 63<br \/>Lille Trade and Companies Register number: B 424 761 419<\/p>\n<\/div>\n<\/div>\n<\/div>\n<\/div>\n<\/div>\n<\/div>\n<\/div>\n<\/div>\n<\/div>\n<\/div>\n<\/section>\n<\/div>\n<\/div>\n<\/div>\n\t\t\t\t\t<\/div>\n\t\t\t\t\t\t<\/div>\n\t\t\t\t<\/div>\n\t\t\t\t\t\t<\/div>\n\t\t\t\t\t<\/div>\n\t\t<\/div>\n\t\t\t\t\t\t\t\t<\/div>\n\t\t\t\t\t<\/div>\n\t\t<\/section>\n\t\t\t\t\t\t\t\t\t<\/div>\n\t\t\t<\/div>\n\t\t\t\t\t<\/div>\n\t\t","protected":false},"excerpt":{"rendered":"<p>Legal Notice By connecting to this site, you are accessing content protected by law, in particular by the provisions of the French Intellectual Property Code. The publisher authorizes only strictly personal use of the data, information or content you access. The use or reproduction of images, photographs or illustrations on this site is strictly forbidden&#8230;<\/p>\n","protected":false},"author":3,"featured_media":7547,"parent":0,"menu_order":0,"comment_status":"closed","ping_status":"closed","template":"","meta":{"inline_featured_image":false,"footnotes":""},"class_list":["post-8283","page","type-page","status-publish","has-post-thumbnail","hentry"],"acf":[],"aioseo_notices":[],"_links":{"self":[{"href":"https:\/\/proprietes-autentik.com\/en\/wp-json\/wp\/v2\/pages\/8283","targetHints":{"allow":["GET"]}}],"collection":[{"href":"https:\/\/proprietes-autentik.com\/en\/wp-json\/wp\/v2\/pages"}],"about":[{"href":"https:\/\/proprietes-autentik.com\/en\/wp-json\/wp\/v2\/types\/page"}],"author":[{"embeddable":true,"href":"https:\/\/proprietes-autentik.com\/en\/wp-json\/wp\/v2\/users\/3"}],"replies":[{"embeddable":true,"href":"https:\/\/proprietes-autentik.com\/en\/wp-json\/wp\/v2\/comments?post=8283"}],"version-history":[{"count":0,"href":"https:\/\/proprietes-autentik.com\/en\/wp-json\/wp\/v2\/pages\/8283\/revisions"}],"wp:featuredmedia":[{"embeddable":true,"href":"https:\/\/proprietes-autentik.com\/en\/wp-json\/wp\/v2\/media\/7547"}],"wp:attachment":[{"href":"https:\/\/proprietes-autentik.com\/en\/wp-json\/wp\/v2\/media?parent=8283"}],"curies":[{"name":"wp","href":"https:\/\/api.w.org\/{rel}","templated":true}]}}