{"id":8258,"date":"2023-08-12T09:24:05","date_gmt":"2023-08-12T07:24:05","guid":{"rendered":"https:\/\/proprietes-autentik.com\/activities-saint-gervais\/"},"modified":"2023-09-06T18:44:48","modified_gmt":"2023-09-06T16:44:48","slug":"activities-saint-gervais","status":"publish","type":"page","link":"https:\/\/proprietes-autentik.com\/en\/activities-saint-gervais\/","title":{"rendered":"ACTIVITIES &#8211; SAINT GERVAIS"},"content":{"rendered":"\t\t<div data-elementor-type=\"wp-page\" data-elementor-id=\"8258\" class=\"elementor elementor-8258 elementor-7058\">\n\t\t\t\t\t\t<div class=\"elementor-inner\">\n\t\t\t\t<div class=\"elementor-section-wrap\">\n\t\t\t\t\t\t\t\t\t<section class=\"elementor-section elementor-top-section elementor-element elementor-element-88f7a7e elementor-section-boxed elementor-section-height-default elementor-section-height-default\" data-id=\"88f7a7e\" data-element_type=\"section\">\n\t\t\t\t\t\t<div class=\"elementor-container elementor-column-gap-default\">\n\t\t\t\t\t\t\t<div class=\"elementor-row\">\n\t\t\t\t\t<div class=\"elementor-column elementor-col-25 elementor-top-column elementor-element elementor-element-3bac1e1 elementor-invisible\" data-id=\"3bac1e1\" data-element_type=\"column\" data-settings=\"{&quot;animation&quot;:&quot;fadeIn&quot;}\">\n\t\t\t<div class=\"elementor-column-wrap elementor-element-populated\">\n\t\t\t\t\t\t\t<div class=\"elementor-widget-wrap\">\n\t\t\t\t\t\t<div class=\"elementor-element elementor-element-bb48b3d art-color-scheme-main elementor-widget elementor-widget-art-button\" data-id=\"bb48b3d\" data-element_type=\"widget\" data-widget_type=\"art-button.default\">\n\t\t\t\t<div class=\"elementor-widget-container\">\n\t\t\t<div class=\"art-button-widget\"><div class=\"art-button-widget__wrap\"><a class=\"art-button-link\" href=\"https:\/\/proprietes-autentik.com\/activites-combloux\/\">COMBLOUX<\/a><\/div><\/div>\t\t<\/div>\n\t\t\t\t<\/div>\n\t\t\t\t\t\t<\/div>\n\t\t\t\t\t<\/div>\n\t\t<\/div>\n\t\t\t\t<div class=\"elementor-column elementor-col-25 elementor-top-column elementor-element elementor-element-7ce00b2\" data-id=\"7ce00b2\" data-element_type=\"column\">\n\t\t\t<div class=\"elementor-column-wrap elementor-element-populated\">\n\t\t\t\t\t\t\t<div class=\"elementor-widget-wrap\">\n\t\t\t\t\t\t<div class=\"elementor-element elementor-element-f679bcc art-color-scheme-main elementor-widget elementor-widget-art-button\" data-id=\"f679bcc\" data-element_type=\"widget\" data-widget_type=\"art-button.default\">\n\t\t\t\t<div class=\"elementor-widget-container\">\n\t\t\t<div class=\"art-button-widget\"><div class=\"art-button-widget__wrap\"><a class=\"art-button-link\" href=\"https:\/\/proprietes-autentik.com\/activites-saint-gervais\/\">SAINT GERVAIS<\/a><\/div><\/div>\t\t<\/div>\n\t\t\t\t<\/div>\n\t\t\t\t\t\t<\/div>\n\t\t\t\t\t<\/div>\n\t\t<\/div>\n\t\t\t\t<div class=\"elementor-column elementor-col-25 elementor-top-column elementor-element elementor-element-9c17e91 elementor-invisible\" data-id=\"9c17e91\" data-element_type=\"column\" data-settings=\"{&quot;animation&quot;:&quot;fadeIn&quot;}\">\n\t\t\t<div class=\"elementor-column-wrap elementor-element-populated\">\n\t\t\t\t\t\t\t<div class=\"elementor-widget-wrap\">\n\t\t\t\t\t\t<div class=\"elementor-element elementor-element-397a92b art-color-scheme-main elementor-widget elementor-widget-art-button\" data-id=\"397a92b\" data-element_type=\"widget\" data-widget_type=\"art-button.default\">\n\t\t\t\t<div class=\"elementor-widget-container\">\n\t\t\t<div class=\"art-button-widget\"><div class=\"art-button-widget__wrap\"><a class=\"art-button-link\" href=\"https:\/\/proprietes-autentik.com\/activites-annecy\/\">ANNECY<\/a><\/div><\/div>\t\t<\/div>\n\t\t\t\t<\/div>\n\t\t\t\t\t\t<\/div>\n\t\t\t\t\t<\/div>\n\t\t<\/div>\n\t\t\t\t<div class=\"elementor-column elementor-col-25 elementor-top-column elementor-element elementor-element-b6dd7dd\" data-id=\"b6dd7dd\" data-element_type=\"column\">\n\t\t\t<div class=\"elementor-column-wrap elementor-element-populated\">\n\t\t\t\t\t\t\t<div class=\"elementor-widget-wrap\">\n\t\t\t\t\t\t<div class=\"elementor-element elementor-element-75a6074 art-color-scheme-main elementor-widget elementor-widget-art-button\" data-id=\"75a6074\" data-element_type=\"widget\" data-widget_type=\"art-button.default\">\n\t\t\t\t<div class=\"elementor-widget-container\">\n\t\t\t<div class=\"art-button-widget\"><div class=\"art-button-widget__wrap\"><a class=\"art-button-link\" href=\"https:\/\/proprietes-autentik.com\/activites-megeve\/\">MEG\u00c8VE<\/a><\/div><\/div>\t\t<\/div>\n\t\t\t\t<\/div>\n\t\t\t\t\t\t<\/div>\n\t\t\t\t\t<\/div>\n\t\t<\/div>\n\t\t\t\t\t\t\t\t<\/div>\n\t\t\t\t\t<\/div>\n\t\t<\/section>\n\t\t\t\t<section class=\"elementor-section elementor-top-section elementor-element elementor-element-a21ff99 elementor-section-boxed elementor-section-height-default elementor-section-height-default\" data-id=\"a21ff99\" data-element_type=\"section\">\n\t\t\t\t\t\t<div class=\"elementor-container elementor-column-gap-default\">\n\t\t\t\t\t\t\t<div class=\"elementor-row\">\n\t\t\t\t\t<div class=\"elementor-column elementor-col-33 elementor-top-column elementor-element elementor-element-747ae46 elementor-invisible\" data-id=\"747ae46\" data-element_type=\"column\" data-settings=\"{&quot;animation&quot;:&quot;fadeIn&quot;}\">\n\t\t\t<div class=\"elementor-column-wrap elementor-element-populated\">\n\t\t\t\t\t\t\t<div class=\"elementor-widget-wrap\">\n\t\t\t\t\t\t<div class=\"elementor-element elementor-element-b0179d5 elementor-widget elementor-widget-art-image-box\" data-id=\"b0179d5\" data-element_type=\"widget\" data-widget_type=\"art-image-box.default\">\n\t\t\t\t<div class=\"elementor-widget-container\">\n\t\t\t<div class=\"art-image-box\"><div class=\"art-image-box__outer\"><div class=\"art-image-box__inner\"><p class=\"art-image-box__subtitle\">BJ'S CAF\u00c9<\/p><h4 class=\"art-image-box__title\">RESTAURATION<\/h4><\/div><\/div><a href=\"https:\/\/proprietes-autentik.com\/activite-saint-gervais-bjs-cafe\/\"><\/a><\/div>\t\t<\/div>\n\t\t\t\t<\/div>\n\t\t\t\t\t\t<\/div>\n\t\t\t\t\t<\/div>\n\t\t<\/div>\n\t\t\t\t<div class=\"elementor-column elementor-col-33 elementor-top-column elementor-element elementor-element-d32039c elementor-invisible\" data-id=\"d32039c\" data-element_type=\"column\" data-settings=\"{&quot;animation&quot;:&quot;fadeIn&quot;}\">\n\t\t\t<div class=\"elementor-column-wrap elementor-element-populated\">\n\t\t\t\t\t\t\t<div class=\"elementor-widget-wrap\">\n\t\t\t\t\t\t<div class=\"elementor-element elementor-element-d3fed87 elementor-widget elementor-widget-art-image-box\" data-id=\"d3fed87\" data-element_type=\"widget\" data-widget_type=\"art-image-box.default\">\n\t\t\t\t<div class=\"elementor-widget-container\">\n\t\t\t<div class=\"art-image-box\"><div class=\"art-image-box__outer\"><div class=\"art-image-box__inner\"><p class=\"art-image-box__subtitle\">AUX PETITS GOURMANDS<\/p><h4 class=\"art-image-box__title\">RESTAURATION<\/h4><\/div><\/div><a href=\"https:\/\/proprietes-autentik.com\/partenaire-maison-fattier\/\"><\/a><\/div>\t\t<\/div>\n\t\t\t\t<\/div>\n\t\t\t\t\t\t<\/div>\n\t\t\t\t\t<\/div>\n\t\t<\/div>\n\t\t\t\t<div class=\"elementor-column elementor-col-33 elementor-top-column elementor-element elementor-element-d1b53c3\" data-id=\"d1b53c3\" data-element_type=\"column\">\n\t\t\t<div class=\"elementor-column-wrap elementor-element-populated\">\n\t\t\t\t\t\t\t<div class=\"elementor-widget-wrap\">\n\t\t\t\t\t\t<div class=\"elementor-element elementor-element-a063ce3 elementor-widget elementor-widget-art-image-box\" data-id=\"a063ce3\" data-element_type=\"widget\" data-widget_type=\"art-image-box.default\">\n\t\t\t\t<div class=\"elementor-widget-container\">\n\t\t\t<div class=\"art-image-box\"><div class=\"art-image-box__outer\"><div class=\"art-image-box__inner\"><p class=\"art-image-box__subtitle\">COMING SOON<\/p><h4 class=\"art-image-box__title\">LE MEILLEUR RESTE \u00c0 VENIR<\/h4><\/div><\/div><a href=\"#\"><\/a><\/div>\t\t<\/div>\n\t\t\t\t<\/div>\n\t\t\t\t\t\t<\/div>\n\t\t\t\t\t<\/div>\n\t\t<\/div>\n\t\t\t\t\t\t\t\t<\/div>\n\t\t\t\t\t<\/div>\n\t\t<\/section>\n\t\t\t\t<section class=\"elementor-section elementor-top-section elementor-element elementor-element-6102ef4 elementor-section-boxed elementor-section-height-default elementor-section-height-default\" data-id=\"6102ef4\" data-element_type=\"section\">\n\t\t\t\t\t\t<div class=\"elementor-container elementor-column-gap-default\">\n\t\t\t\t\t\t\t<div class=\"elementor-row\">\n\t\t\t\t\t<div class=\"elementor-column elementor-col-33 elementor-top-column elementor-element elementor-element-eecbe93 elementor-invisible\" data-id=\"eecbe93\" data-element_type=\"column\" data-settings=\"{&quot;animation&quot;:&quot;fadeIn&quot;}\">\n\t\t\t<div class=\"elementor-column-wrap elementor-element-populated\">\n\t\t\t\t\t\t\t<div class=\"elementor-widget-wrap\">\n\t\t\t\t\t\t<div class=\"elementor-element elementor-element-bec3f1c elementor-widget elementor-widget-art-image-box\" data-id=\"bec3f1c\" data-element_type=\"widget\" data-widget_type=\"art-image-box.default\">\n\t\t\t\t<div class=\"elementor-widget-container\">\n\t\t\t<div class=\"art-image-box\"><div class=\"art-image-box__outer\"><div class=\"art-image-box__inner\"><p class=\"art-image-box__subtitle\">COMING SOON<\/p><h4 class=\"art-image-box__title\">LE MEILLEUR RESTE \u00c0 VENIR<\/h4><\/div><\/div><a href=\"#\"><\/a><\/div>\t\t<\/div>\n\t\t\t\t<\/div>\n\t\t\t\t<div class=\"elementor-element elementor-element-662cba3 elementor-widget elementor-widget-art-image-box\" data-id=\"662cba3\" data-element_type=\"widget\" data-widget_type=\"art-image-box.default\">\n\t\t\t\t<div class=\"elementor-widget-container\">\n\t\t\t<div class=\"art-image-box\"><div class=\"art-image-box__outer\"><div class=\"art-image-box__inner\"><p class=\"art-image-box__subtitle\">COMING SOON<\/p><h4 class=\"art-image-box__title\">LE MEILLEUR RESTE \u00c0 VENIR<\/h4><\/div><\/div><a href=\"#\"><\/a><\/div>\t\t<\/div>\n\t\t\t\t<\/div>\n\t\t\t\t\t\t<\/div>\n\t\t\t\t\t<\/div>\n\t\t<\/div>\n\t\t\t\t<div class=\"elementor-column elementor-col-33 elementor-top-column elementor-element elementor-element-ef9be4b\" data-id=\"ef9be4b\" data-element_type=\"column\">\n\t\t\t<div class=\"elementor-column-wrap elementor-element-populated\">\n\t\t\t\t\t\t\t<div class=\"elementor-widget-wrap\">\n\t\t\t\t\t\t<div class=\"elementor-element elementor-element-7497f6d elementor-widget elementor-widget-art-image-box\" data-id=\"7497f6d\" data-element_type=\"widget\" data-widget_type=\"art-image-box.default\">\n\t\t\t\t<div class=\"elementor-widget-container\">\n\t\t\t<div class=\"art-image-box\"><div class=\"art-image-box__outer\"><div class=\"art-image-box__inner\"><p class=\"art-image-box__subtitle\">COMING SOON<\/p><h4 class=\"art-image-box__title\">LE MEILLEUR RESTE \u00c0 VENIR<\/h4><\/div><\/div><a href=\"#\"><\/a><\/div>\t\t<\/div>\n\t\t\t\t<\/div>\n\t\t\t\t<div class=\"elementor-element elementor-element-a4b20b1 elementor-widget elementor-widget-art-image-box\" data-id=\"a4b20b1\" data-element_type=\"widget\" data-widget_type=\"art-image-box.default\">\n\t\t\t\t<div class=\"elementor-widget-container\">\n\t\t\t<div class=\"art-image-box\"><div class=\"art-image-box__outer\"><div class=\"art-image-box__inner\"><p class=\"art-image-box__subtitle\">COMING SOON<\/p><h4 class=\"art-image-box__title\">LE MEILLEUR RESTE \u00c0 VENIR<\/h4><\/div><\/div><a href=\"#\"><\/a><\/div>\t\t<\/div>\n\t\t\t\t<\/div>\n\t\t\t\t\t\t<\/div>\n\t\t\t\t\t<\/div>\n\t\t<\/div>\n\t\t\t\t<div class=\"elementor-column elementor-col-33 elementor-top-column elementor-element elementor-element-ff9e831 elementor-invisible\" data-id=\"ff9e831\" data-element_type=\"column\" data-settings=\"{&quot;animation&quot;:&quot;fadeIn&quot;}\">\n\t\t\t<div class=\"elementor-column-wrap elementor-element-populated\">\n\t\t\t\t\t\t\t<div class=\"elementor-widget-wrap\">\n\t\t\t\t\t\t<div class=\"elementor-element elementor-element-23fd510 elementor-widget elementor-widget-art-image-box\" data-id=\"23fd510\" data-element_type=\"widget\" data-widget_type=\"art-image-box.default\">\n\t\t\t\t<div class=\"elementor-widget-container\">\n\t\t\t<div class=\"art-image-box\"><div class=\"art-image-box__outer\"><div class=\"art-image-box__inner\"><p class=\"art-image-box__subtitle\">COMING SOON<\/p><h4 class=\"art-image-box__title\">LE MEILLEUR RESTE \u00c0 VENIR<\/h4><\/div><\/div><a href=\"#\"><\/a><\/div>\t\t<\/div>\n\t\t\t\t<\/div>\n\t\t\t\t<div class=\"elementor-element elementor-element-ce7ca03 elementor-widget elementor-widget-art-image-box\" data-id=\"ce7ca03\" data-element_type=\"widget\" data-widget_type=\"art-image-box.default\">\n\t\t\t\t<div class=\"elementor-widget-container\">\n\t\t\t<div class=\"art-image-box\"><div class=\"art-image-box__outer\"><div class=\"art-image-box__inner\"><p class=\"art-image-box__subtitle\">COMING SOON<\/p><h4 class=\"art-image-box__title\">LE MEILLEUR RESTE \u00c0 VENIR<\/h4><\/div><\/div><a href=\"#\"><\/a><\/div>\t\t<\/div>\n\t\t\t\t<\/div>\n\t\t\t\t\t\t<\/div>\n\t\t\t\t\t<\/div>\n\t\t<\/div>\n\t\t\t\t\t\t\t\t<\/div>\n\t\t\t\t\t<\/div>\n\t\t<\/section>\n\t\t\t\t\t\t\t\t\t<\/div>\n\t\t\t<\/div>\n\t\t\t\t\t<\/div>\n\t\t","protected":false},"excerpt":{"rendered":"<p>BJ&#8217;S CAF\u00c9 RESTAURATION AUX PETITS GOURMANDS RESTAURATION COMING SOON LE MEILLEUR RESTE \u00c0 VENIR COMING SOON LE MEILLEUR RESTE \u00c0 VENIR COMING SOON LE MEILLEUR RESTE \u00c0 VENIR COMING SOON LE MEILLEUR RESTE \u00c0 VENIR COMING SOON LE MEILLEUR RESTE \u00c0 VENIR COMING SOON LE MEILLEUR RESTE \u00c0 VENIR COMING SOON LE MEILLEUR RESTE \u00c0&#8230;<\/p>\n","protected":false},"author":3,"featured_media":7819,"parent":0,"menu_order":0,"comment_status":"closed","ping_status":"closed","template":"","meta":{"inline_featured_image":false,"footnotes":""},"class_list":["post-8258","page","type-page","status-publish","has-post-thumbnail","hentry"],"acf":[],"aioseo_notices":[],"_links":{"self":[{"href":"https:\/\/proprietes-autentik.com\/en\/wp-json\/wp\/v2\/pages\/8258","targetHints":{"allow":["GET"]}}],"collection":[{"href":"https:\/\/proprietes-autentik.com\/en\/wp-json\/wp\/v2\/pages"}],"about":[{"href":"https:\/\/proprietes-autentik.com\/en\/wp-json\/wp\/v2\/types\/page"}],"author":[{"embeddable":true,"href":"https:\/\/proprietes-autentik.com\/en\/wp-json\/wp\/v2\/users\/3"}],"replies":[{"embeddable":true,"href":"https:\/\/proprietes-autentik.com\/en\/wp-json\/wp\/v2\/comments?post=8258"}],"version-history":[{"count":0,"href":"https:\/\/proprietes-autentik.com\/en\/wp-json\/wp\/v2\/pages\/8258\/revisions"}],"wp:featuredmedia":[{"embeddable":true,"href":"https:\/\/proprietes-autentik.com\/en\/wp-json\/wp\/v2\/media\/7819"}],"wp:attachment":[{"href":"https:\/\/proprietes-autentik.com\/en\/wp-json\/wp\/v2\/media?parent=8258"}],"curies":[{"name":"wp","href":"https:\/\/api.w.org\/{rel}","templated":true}]}}